{"id":13432,"date":"2016-01-27T21:55:21","date_gmt":"2016-01-27T20:55:21","guid":{"rendered":"http:\/\/www.dynamics-suhl.de\/monsterblog\/?page_id=13432"},"modified":"2016-01-30T14:55:29","modified_gmt":"2016-01-30T13:55:29","slug":"stadtrunde","status":"publish","type":"page","link":"https:\/\/www.dynamics-suhl.de\/monsterblog\/stadtrunde\/","title":{"rendered":"21. Stadtrunden-Turnier der Dynamics Suhl"},"content":{"rendered":"<p>Liebe Volleyballfreunde,<\/p>\n<p>wir freuen uns das sich auch 2015\/2016 wieder sieben Teams gefunden haben die an der Stadtrunde teilnehmen!<br \/>\nWir f\u00fchren die Stadtrunde wie in den letzten Jahren durch, es gibt eine Vorrunde \u00fcber die Trainingszeiten der einzelnen Mannschaften und eine R\u00fcckrunde die an einem Samstag ausgespielt wird. Wir spielen nach den Regeln der DVL.<\/p>\n<h2>Aktuelle Stadtrunde<\/h2>\n<p>[insert_php]<br \/>\n$site = file_get_contents(&#8218;..\/dynamicsstadtrunde\/vorrunde.htm&#8216;);<br \/>\n$pos1 = stripos($site, &#8222;<\/p>\n<table \");\n$pos2 = stripos($site, \"\n\n<p>Dieses&#8220;);<br \/>\n$ausg = substr ($site , $pos1, ($pos2-$pos1) );<br \/>\n$ausg = str_replace (&#8222;<\/p>\n<h2>Endstand<\/h2>\n<p>&#8222;, &#8218;<\/p>\n<h2>Endstand Stadtrunde 2014\/2015<\/h2>\n<p>&#8218;, $ausg);<br \/>\necho &#8222;$ausg&#8220;;<br \/>\n[\/insert_php]<\/p>\n","protected":false},"excerpt":{"rendered":"<p>Liebe Volleyballfreunde, wir freuen uns das sich auch 2015\/2016 wieder sieben Teams gefunden haben die an der Stadtrunde teilnehmen! Wir f\u00fchren die Stadtrunde wie in den letzten Jahren durch, es gibt eine Vorrunde \u00fcber die Trainingszeiten der einzelnen Mannschaften und eine R\u00fcckrunde die an einem Samstag ausgespielt wird. Wir spielen nach den Regeln der DVL. [&hellip;]<\/p>\n","protected":false},"author":2,"featured_media":0,"parent":0,"menu_order":0,"comment_status":"closed","ping_status":"closed","template":"","meta":{"ngg_post_thumbnail":0},"_links":{"self":[{"href":"https:\/\/www.dynamics-suhl.de\/monsterblog\/wp-json\/wp\/v2\/pages\/13432"}],"collection":[{"href":"https:\/\/www.dynamics-suhl.de\/monsterblog\/wp-json\/wp\/v2\/pages"}],"about":[{"href":"https:\/\/www.dynamics-suhl.de\/monsterblog\/wp-json\/wp\/v2\/types\/page"}],"author":[{"embeddable":true,"href":"https:\/\/www.dynamics-suhl.de\/monsterblog\/wp-json\/wp\/v2\/users\/2"}],"replies":[{"embeddable":true,"href":"https:\/\/www.dynamics-suhl.de\/monsterblog\/wp-json\/wp\/v2\/comments?post=13432"}],"version-history":[{"count":8,"href":"https:\/\/www.dynamics-suhl.de\/monsterblog\/wp-json\/wp\/v2\/pages\/13432\/revisions"}],"predecessor-version":[{"id":14441,"href":"https:\/\/www.dynamics-suhl.de\/monsterblog\/wp-json\/wp\/v2\/pages\/13432\/revisions\/14441"}],"wp:attachment":[{"href":"https:\/\/www.dynamics-suhl.de\/monsterblog\/wp-json\/wp\/v2\/media?parent=13432"}],"curies":[{"name":"wp","href":"https:\/\/api.w.org\/{rel}","templated":true}]}}