{"id":137,"date":"2008-04-28T12:32:28","date_gmt":"2008-04-28T10:32:28","guid":{"rendered":"http:\/\/www.dynamics-suhl.de\/monsterblog\/?page_id=137"},"modified":"2010-11-10T18:36:30","modified_gmt":"2010-11-10T17:36:30","slug":"interviews","status":"publish","type":"page","link":"https:\/\/www.dynamics-suhl.de\/monsterblog\/interviews\/","title":{"rendered":"Interviews"},"content":{"rendered":"<ul>\n<li><a href=\"http:\/\/www.dynamics-suhl.de\/monsterblog\/2010\/11\/10\/interview-mit-mareike-hindriksen\">Mareike Hindriksen<\/a> (10.11.2010)<\/li>\n<li><a href=\"http:\/\/www.dynamics-suhl.de\/monsterblog\/2010\/08\/14\/interview-mit-hiroe-koganezawa\/\">Hiroe Koganezawa<\/a> (14.08.2010) [<a href=\"http:\/\/www.dynamics-suhl.de\/monsterblog\/2010\/08\/14\/interview-mit-hiroe-koganezawa\/\">DE<\/a>\/<a href=\"http:\/\/www.dynamics-suhl.de\/monsterblog\/interview-with-hiroe-koganezawa\/\">EN<\/a>]<\/li>\n<li><a href=\"http:\/\/www.dynamics-suhl.de\/monsterblog\/2010\/01\/19\/interview-mit-paulina-gomulka\/\">Paulina Gomulka<\/a> (19.01.2010)<\/li>\n<li><a href=\"http:\/\/www.dynamics-suhl.de\/monsterblog\/2009\/12\/09\/interview-mit-dominice-steffen\/\">Dominice Steffen<\/a> (09.12.2009)<\/li>\n<li><a href=\"http:\/\/www.dynamics-suhl.de\/monsterblog\/2009\/08\/27\/interview-mit-claudia-steger\/\">Claudia Steger<\/a> (27.08.2009)<\/li>\n<li><a href=\"http:\/\/www.dynamics-suhl.de\/monsterblog\/2009\/06\/04\/interview-mit-lisa-hackauf\/\">Lisa Hackauf<\/a> (04.06.2009)<\/li>\n<li><a href=\"http:\/\/www.dynamics-suhl.de\/monsterblog\/2009\/03\/27\/interview-mit-grit-lehmann-2\">Grit Lehmann (2)<\/a> (26.03.2009)<\/li>\n<li><a href=\"http:\/\/www.dynamics-suhl.de\/monsterblog\/2009\/01\/05\/interview-mit-alesha-deesing\/\">Alesha Deesing<\/a> (05.01.2009) [<a href=\"http:\/\/www.dynamics-suhl.de\/monsterblog\/2009\/01\/05\/interview-mit-alesha-deesing\/\">DE<\/a>\/<a href=\"http:\/\/www.dynamics-suhl.de\/monsterblog\/interview-with-alesha-deesing\/\">EN<\/a>]<\/li>\n<li><a href=\"http:\/\/www.dynamics-suhl.de\/monsterblog\/2008\/12\/26\/interview-mit-larissa-cundy\/\">Larissa Cundy<\/a> (26.12.2008) [<a href=\"http:\/\/www.dynamics-suhl.de\/monsterblog\/2008\/12\/26\/interview-mit-larissa-cundy\/\">DE<\/a>\/<a href=\"http:\/\/www.dynamics-suhl.de\/monsterblog\/interview-with-larissa-cundy\/\">EN<\/a>]<\/li>\n<li><a href=\"http:\/\/www.dynamics-suhl.de\/monsterblog\/2008\/12\/17\/interview-mit-josephine-dorfler\">Josephine D\u00f6rfler<\/a> (16.12.2008)<\/li>\n<li><a href=\"http:\/\/www.dynamics-suhl.de\/monsterblog\/2008\/11\/24\/interview-mit-charly-spies_ii\/\">Charly Spie\u00df (2)<\/a> (24.11.2008)\n        <\/li>\n<li><a href=\"http:\/\/www.dynamics-suhl.de\/monsterblog\/2008\/11\/16\/interview-mit-birgit-thumm\/\">Birgit Thumm<\/a> (16.11.2008)<\/li>\n<li><a href=\"http:\/\/www.dynamics-suhl.de\/monsterblog\/2008\/11\/10\/interview-mit-han-abbing-3\/\">Han Abbing (3)<\/a> (10.11.2008)<\/li>\n<li><a href=\"http:\/\/www.dynamics-suhl.de\/monsterblog\/2008\/11\/04\/interview-mit-michael-schops\/\">Michael Sch\u00f6ps<\/a> (30.10.2008)<\/li>\n<li><a href=\"http:\/\/www.dynamics-suhl.de\/monsterblog\/2008\/05\/22\/interview-mit-lauren-ford\/\">Lauren Ford<\/a> (22.05.2008) [<a href=\"http:\/\/www.dynamics-suhl.de\/monsterblog\/2008\/05\/22\/interview-mit-lauren-ford\/\">DE<\/a>\/<a href=\"http:\/\/www.dynamics-suhl.de\/monsterblog\/?page_id=159\">EN<\/a>]<\/li>\n<li><a href=\"http:\/\/www.dynamics-suhl.de\/monsterblog\/2008\/04\/09\/interview-mit-anne-suchomil\/\">Anne Suchomil<\/a> (09.04.2008)<\/li>\n<li><a href=\"http:\/\/www.dynamics-suhl.de\/monsterblog\/2008\/02\/05\/interview-mit-sherri-williams\/\">Sherri Williams (2)<\/a> (05.02.2008) [<a href=\"http:\/\/www.dynamics-suhl.de\/monsterblog\/2008\/02\/05\/interview-mit-sherri-williams\/\">DE<\/a>\/<a href=\"http:\/\/www.dynamics-suhl.de\/monsterblog\/?page_id=151\">EN<\/a>]<\/li>\n<li><a href=\"http:\/\/www.dynamics-suhl.de\/monsterblog\/2008\/01\/02\/interview-mit-erin-byrd\/\">Erin Byrd<\/a> (02.01.2008)<\/li>\n<li><a href=\"http:\/\/www.dynamics-suhl.de\/monsterblog\/2007\/11\/25\/interview-mit-michael-doring\/\">Michael D\u00f6ring<\/a> (25.11.2007)<\/li>\n<li><a href=\"http:\/\/www.dynamics-suhl.de\/monsterblog\/2007\/10\/22\/interview-mit-tatjana-boskovic\/\">Tatjana Boskovic<\/a> (22.10.2007) [<a href=\"http:\/\/www.dynamics-suhl.de\/monsterblog\/2007\/10\/22\/interview-mit-tatjana-boskovic\/\">DE<\/a>\/<a href=\"http:\/\/www.dynamics-suhl.de\/monsterblog\/?page_id=152\">EN<\/a>]<\/li>\n<li><a href=\"http:\/\/www.dynamics-suhl.de\/monsterblog\/2007\/10\/13\/interview-mit-han-abbing-ii\/\">Han Abbing (2)<\/a> (13.10.2007)<\/li>\n<li><a href=\"http:\/\/www.dynamics-suhl.de\/monsterblog\/2007\/09\/12\/interview-mit-sandra-landvoigt\/\">Sandra Landvoigt<\/a> (12.09.2007)<\/li>\n<li><a href=\"http:\/\/www.dynamics-suhl.de\/monsterblog\/2007\/05\/15\/interview-mit-maja-adam-ilic\/\">Maja Adam Ilic<\/a> (15.05.2007)<\/li>\n<li><a href=\"http:\/\/www.dynamics-suhl.de\/monsterblog\/2007\/04\/28\/interview-mit-jelena-jeca-mijatovic\/\">Jelena Mijatovic<\/a> (28.04.2007) [<a href=\"http:\/\/www.dynamics-suhl.de\/monsterblog\/2007\/04\/28\/interview-mit-jelena-jeca-mijatovic\/\">DE<\/a>\/<a href=\"http:\/\/www.dynamics-suhl.de\/monsterblog\/?page_id=153\">EN<\/a>]<\/li>\n<li><a href=\"http:\/\/www.dynamics-suhl.de\/monsterblog\/2007\/04\/28\/interview-mit-charly-spies\/\">Charly Spie\u00df<\/a> (28.04.2007)<\/li>\n<li><a href=\"http:\/\/www.dynamics-suhl.de\/monsterblog\/2007\/04\/26\/interview-mit-grit-lehmann\/\">Grit Lehmann<\/a> (26.04.2007)<\/li>\n<li><a href=\"http:\/\/www.dynamics-suhl.de\/monsterblog\/2007\/04\/15\/interview-mit-christiane-furst\/\">Christiane F\u00fcrst<\/a> (15.04.2007)<\/li>\n<li><a href=\"http:\/\/www.dynamics-suhl.de\/monsterblog\/2007\/04\/15\/interview-mit-anne-kohler\/\">Anne K\u00f6hler<\/a> (15.04.2007)<\/li>\n<li><a href=\"http:\/\/www.dynamics-suhl.de\/monsterblog\/2007\/04\/07\/interview-mit-magdalena-sadowska\/\">Magdalena Sadowska<\/a> (07.04.2007)<\/li>\n<li><a href=\"http:\/\/www.dynamics-suhl.de\/monsterblog\/2007\/03\/21\/interview-mit-ivana-bona-ostojic\/\">Ivana Ostojic<\/a> (21.03.2007)<\/li>\n<li><a href=\"http:\/\/www.dynamics-suhl.de\/monsterblog\/2007\/03\/17\/interview-mit-iryna-lukashchuk\/\">Iryna Lukashchuk<\/a> (17.03.2007)<\/li>\n<li><a href=\"http:\/\/www.dynamics-suhl.de\/monsterblog\/2007\/02\/17\/interview-mit-sherri-williams-2\/\">Sherri Williams<\/a> (17.02.2007) [<a href=\"http:\/\/www.dynamics-suhl.de\/monsterblog\/2007\/02\/17\/interview-mit-sherri-williams-2\/\">DE<\/a>\/<a href=\"http:\/\/www.dynamics-suhl.de\/monsterblog\/?page_id=154\">EN<\/a>]<\/li>\n<li><a href=\"http:\/\/www.dynamics-suhl.de\/monsterblog\/2007\/02\/17\/interview-mit-nadja-jenzewski\/\">Nadja Jenzewski<\/a> (17.02.2007)<\/li>\n<li><a href=\"http:\/\/www.dynamics-suhl.de\/monsterblog\/2007\/02\/03\/interview-mit-miloslava-mila-lauerova\/\">Miloslava Lauerova<\/a> (03.02.2007)<\/li>\n<li><a href=\"http:\/\/www.dynamics-suhl.de\/monsterblog\/2007\/02\/03\/interview-mit-jule-schneider\/\">Jule Schneider<\/a> (03.02.2007)<\/li>\n<li><a href=\"http:\/\/www.dynamics-suhl.de\/monsterblog\/2007\/01\/20\/interview-mit-natasa-nale-loncar\/\">Natasa Loncar<\/a> (20.01.2007)<\/li>\n<li><a href=\"http:\/\/www.dynamics-suhl.de\/monsterblog\/2006\/12\/09\/interview-mit-han-abbing\/\">Han Abbing<\/a> (09.12.2006)<\/li>\n<li><a href=\"http:\/\/www.dynamics-suhl.de\/monsterblog\/2006\/12\/03\/interview-mit-jane-hoffmann\/\">Jane Hoffmann<\/a> (03.12.2006)<\/li>\n<li><a href=\"http:\/\/www.dynamics-suhl.de\/monsterblog\/2006\/11\/25\/interview-mit-manja-simmank\/\">Manja Simmank<\/a> (25.11.2006)<\/li>\n<\/ul>\n","protected":false},"excerpt":{"rendered":"<p>Mareike Hindriksen (10.11.2010) Hiroe Koganezawa (14.08.2010) [DE\/EN] Paulina Gomulka (19.01.2010) Dominice Steffen (09.12.2009) Claudia Steger (27.08.2009) Lisa Hackauf (04.06.2009) Grit Lehmann (2) (26.03.2009) Alesha Deesing (05.01.2009) [DE\/EN] Larissa Cundy (26.12.2008) [DE\/EN] Josephine D\u00f6rfler (16.12.2008) Charly Spie\u00df (2) (24.11.2008) Birgit Thumm (16.11.2008) Han Abbing (3) (10.11.2008) Michael Sch\u00f6ps (30.10.2008) Lauren Ford (22.05.2008) [DE\/EN] Anne Suchomil (09.04.2008) [&hellip;]<\/p>\n","protected":false},"author":17,"featured_media":0,"parent":0,"menu_order":0,"comment_status":"open","ping_status":"closed","template":"","meta":{"ngg_post_thumbnail":0},"_links":{"self":[{"href":"https:\/\/www.dynamics-suhl.de\/monsterblog\/wp-json\/wp\/v2\/pages\/137"}],"collection":[{"href":"https:\/\/www.dynamics-suhl.de\/monsterblog\/wp-json\/wp\/v2\/pages"}],"about":[{"href":"https:\/\/www.dynamics-suhl.de\/monsterblog\/wp-json\/wp\/v2\/types\/page"}],"author":[{"embeddable":true,"href":"https:\/\/www.dynamics-suhl.de\/monsterblog\/wp-json\/wp\/v2\/users\/17"}],"replies":[{"embeddable":true,"href":"https:\/\/www.dynamics-suhl.de\/monsterblog\/wp-json\/wp\/v2\/comments?post=137"}],"version-history":[{"count":0,"href":"https:\/\/www.dynamics-suhl.de\/monsterblog\/wp-json\/wp\/v2\/pages\/137\/revisions"}],"wp:attachment":[{"href":"https:\/\/www.dynamics-suhl.de\/monsterblog\/wp-json\/wp\/v2\/media?parent=137"}],"curies":[{"name":"wp","href":"https:\/\/api.w.org\/{rel}","templated":true}]}}