{"id":3080,"date":"2009-11-30T12:59:07","date_gmt":"2009-11-30T11:59:07","guid":{"rendered":"http:\/\/www.dynamics-suhl.de\/monsterblog\/?page_id=3080"},"modified":"2009-11-30T12:59:53","modified_gmt":"2009-11-30T11:59:53","slug":"dvv-pokal-2009-2010","status":"publish","type":"page","link":"https:\/\/www.dynamics-suhl.de\/monsterblog\/dvv-pokal-2009-2010\/","title":{"rendered":"DVV-Pokal 2009\/10"},"content":{"rendered":"<p><strong>Alben:<\/strong><br \/><ul class=\"ngg-breadcrumbs\">\n    <\/ul>\n<div class=\"ngg-albumoverview\">\t\n\t<!-- List of galleries -->\n\t\n\t<div class=\"ngg-album\">\n\t\t<div class=\"ngg-albumtitle\"><a href=\"https:\/\/www.dynamics-suhl.de\/monsterblog\/dvv-pokal-2009-2010\/nggallery\/dvv-pokal-0910\/sportlerempfang-der-stadt-suhl\">Sportlerempfang der Stadt Suhl<\/a><\/div>\n\t\t\t<div class=\"ngg-albumcontent\">\n\t\t\t\t<div class=\"ngg-thumbnail\">\n\t\t\t\t\t<a href=\"https:\/\/www.dynamics-suhl.de\/monsterblog\/dvv-pokal-2009-2010\/nggallery\/dvv-pokal-0910\/sportlerempfang-der-stadt-suhl\"><img class=\"Thumb\" alt=\"Sportlerempfang der Stadt Suhl\" src=\"https:\/\/www.dynamics-suhl.de\/monsterblog\/wp-content\/gallery\/2010-03-08_sportlerempfang_stadt_suhl\/cache\/IMG_2365.jpg-nggid046964-ngg0dyn-91x68-00f0w010c011r110f110r010t010.jpg\"\/><\/a>\n\t\t\t\t<\/div>\n\t\t\t\t<div class=\"ngg-description\">\n\t\t\t\t<p>Fotos (C) stoppe<\/p>\n\t\t\t\t\t\t\t\t<p class=\"ngg-album-gallery-image-counter\"><strong>25<\/strong>&nbsp;Fotos<\/p>\n\t\t\t\t\t\t\t<\/div>\n\t\t<\/div>\n\t<\/div>\n\n \t\n\t<div class=\"ngg-album\">\n\t\t<div class=\"ngg-albumtitle\"><a href=\"https:\/\/www.dynamics-suhl.de\/monsterblog\/dvv-pokal-2009-2010\/nggallery\/dvv-pokal-0910\/dvv-pokal-finale-2010-album-5\">DVV-Pokal Finale 2010 (Album 5)<\/a><\/div>\n\t\t\t<div class=\"ngg-albumcontent\">\n\t\t\t\t<div class=\"ngg-thumbnail\">\n\t\t\t\t\t<a href=\"https:\/\/www.dynamics-suhl.de\/monsterblog\/dvv-pokal-2009-2010\/nggallery\/dvv-pokal-0910\/dvv-pokal-finale-2010-album-5\"><img class=\"Thumb\" alt=\"DVV-Pokal Finale 2010 (Album 5)\" src=\"https:\/\/www.dynamics-suhl.de\/monsterblog\/wp-content\/gallery\/2010-03-07_pokalfinale_siegerehrung\/cache\/20100307_306.jpg-nggid047241-ngg0dyn-91x68-00f0w010c011r110f110r010t010.jpg\"\/><\/a>\n\t\t\t\t<\/div>\n\t\t\t\t<div class=\"ngg-description\">\n\t\t\t\t<p>- Siegerehrung - Fotos (C) Ren\u00e9 Siegling &amp; Gerd Scheibel<\/p>\n\t\t\t\t\t\t\t\t<p class=\"ngg-album-gallery-image-counter\"><strong>45<\/strong>&nbsp;Fotos<\/p>\n\t\t\t\t\t\t\t<\/div>\n\t\t<\/div>\n\t<\/div>\n\n \t\n\t<div class=\"ngg-album\">\n\t\t<div class=\"ngg-albumtitle\"><a href=\"https:\/\/www.dynamics-suhl.de\/monsterblog\/dvv-pokal-2009-2010\/nggallery\/dvv-pokal-0910\/dvv-pokal-finale-2010-album-4\">DVV-Pokal Finale 2010 (Album 4) <\/a><\/div>\n\t\t\t<div class=\"ngg-albumcontent\">\n\t\t\t\t<div class=\"ngg-thumbnail\">\n\t\t\t\t\t<a href=\"https:\/\/www.dynamics-suhl.de\/monsterblog\/dvv-pokal-2009-2010\/nggallery\/dvv-pokal-0910\/dvv-pokal-finale-2010-album-4\"><img class=\"Thumb\" alt=\"DVV-Pokal Finale 2010 (Album 4) \" src=\"\"\/><\/a>\n\t\t\t\t<\/div>\n\t\t\t\t<div class=\"ngg-description\">\n\t\t\t\t<p>- Finale M\u00e4nner: Haching vs. D\u00fcren - Fotos (C) Ren\u00e9 Siegling &amp; Gerd Scheibel<\/p>\n\t\t\t\t\t\t\t\t<p class=\"ngg-album-gallery-image-counter\"><strong>53<\/strong>&nbsp;Fotos<\/p>\n\t\t\t\t\t\t\t<\/div>\n\t\t<\/div>\n\t<\/div>\n\n \t\n\t<div class=\"ngg-album\">\n\t\t<div class=\"ngg-albumtitle\"><a href=\"https:\/\/www.dynamics-suhl.de\/monsterblog\/dvv-pokal-2009-2010\/nggallery\/dvv-pokal-0910\/dvv-pokal-finale-2010-album-3\">DVV-Pokal Finale 2010 (Album 3)<\/a><\/div>\n\t\t\t<div class=\"ngg-albumcontent\">\n\t\t\t\t<div class=\"ngg-thumbnail\">\n\t\t\t\t\t<a href=\"https:\/\/www.dynamics-suhl.de\/monsterblog\/dvv-pokal-2009-2010\/nggallery\/dvv-pokal-0910\/dvv-pokal-finale-2010-album-3\"><img class=\"Thumb\" alt=\"DVV-Pokal Finale 2010 (Album 3)\" src=\"\"\/><\/a>\n\t\t\t\t<\/div>\n\t\t\t\t<div class=\"ngg-description\">\n\t\t\t\t<p>- Finale Damen: Dresden vs. Suhl - Fotos (C) Ren\u00e9 Siegling<\/p>\n\t\t\t\t\t\t\t\t<p class=\"ngg-album-gallery-image-counter\"><strong>103<\/strong>&nbsp;Fotos<\/p>\n\t\t\t\t\t\t\t<\/div>\n\t\t<\/div>\n\t<\/div>\n\n \t\n\t<div class=\"ngg-album\">\n\t\t<div class=\"ngg-albumtitle\"><a href=\"https:\/\/www.dynamics-suhl.de\/monsterblog\/dvv-pokal-2009-2010\/nggallery\/dvv-pokal-0910\/dvv-pokal-finale-2010-album-2\">DVV-Pokal Finale 2010 (Album 2) <\/a><\/div>\n\t\t\t<div class=\"ngg-albumcontent\">\n\t\t\t\t<div class=\"ngg-thumbnail\">\n\t\t\t\t\t<a href=\"https:\/\/www.dynamics-suhl.de\/monsterblog\/dvv-pokal-2009-2010\/nggallery\/dvv-pokal-0910\/dvv-pokal-finale-2010-album-2\"><img class=\"Thumb\" alt=\"DVV-Pokal Finale 2010 (Album 2) \" src=\"\"\/><\/a>\n\t\t\t\t<\/div>\n\t\t\t\t<div class=\"ngg-description\">\n\t\t\t\t<p>- gemischte Galerie - Fotos (C) SC<\/p>\n\t\t\t\t\t\t\t\t<p class=\"ngg-album-gallery-image-counter\"><strong>74<\/strong>&nbsp;Fotos<\/p>\n\t\t\t\t\t\t\t<\/div>\n\t\t<\/div>\n\t<\/div>\n\n \t\n\t<div class=\"ngg-album\">\n\t\t<div class=\"ngg-albumtitle\"><a href=\"https:\/\/www.dynamics-suhl.de\/monsterblog\/dvv-pokal-2009-2010\/nggallery\/dvv-pokal-0910\/dvv-pokal-finale-2010-album-1\">DVV-Pokal Finale 2010 (Album 1)<\/a><\/div>\n\t\t\t<div class=\"ngg-albumcontent\">\n\t\t\t\t<div class=\"ngg-thumbnail\">\n\t\t\t\t\t<a href=\"https:\/\/www.dynamics-suhl.de\/monsterblog\/dvv-pokal-2009-2010\/nggallery\/dvv-pokal-0910\/dvv-pokal-finale-2010-album-1\"><img class=\"Thumb\" alt=\"DVV-Pokal Finale 2010 (Album 1)\" src=\"https:\/\/www.dynamics-suhl.de\/monsterblog\/wp-content\/gallery\/2010-03-07_cup_finale_fotos_david\/cache\/finale2010_pic25.jpg-nggid046939-ngg0dyn-91x68-00f0w010c011r110f110r010t010.jpg\"\/><\/a>\n\t\t\t\t<\/div>\n\t\t\t\t<div class=\"ngg-description\">\n\t\t\t\t<p>- gemischte Galerie -<\/p>\n\t\t\t\t\t\t\t\t<p class=\"ngg-album-gallery-image-counter\"><strong>25<\/strong>&nbsp;Fotos<\/p>\n\t\t\t\t\t\t\t<\/div>\n\t\t<\/div>\n\t<\/div>\n\n \t\n\t<div class=\"ngg-album\">\n\t\t<div class=\"ngg-albumtitle\"><a href=\"https:\/\/www.dynamics-suhl.de\/monsterblog\/dvv-pokal-2009-2010\/nggallery\/dvv-pokal-0910\/viertelfinale-vfb-suhl-vs-allgau-team-sonthofen\">Viertelfinale: VfB Suhl vs. Allg\u00e4u Team Sonthofen<\/a><\/div>\n\t\t\t<div class=\"ngg-albumcontent\">\n\t\t\t\t<div class=\"ngg-thumbnail\">\n\t\t\t\t\t<a href=\"https:\/\/www.dynamics-suhl.de\/monsterblog\/dvv-pokal-2009-2010\/nggallery\/dvv-pokal-0910\/viertelfinale-vfb-suhl-vs-allgau-team-sonthofen\"><img class=\"Thumb\" alt=\"Viertelfinale: VfB Suhl vs. Allg\u00e4u Team Sonthofen\" src=\"https:\/\/www.dynamics-suhl.de\/monsterblog\/wp-content\/gallery\/2009-12-12_vfb_vs_ats_pokal\/cache\/20091212_0074.jpg-nggid046402-ngg0dyn-91x68-00f0w010c011r110f110r010t010.jpg\"\/><\/a>\n\t\t\t\t<\/div>\n\t\t\t\t<div class=\"ngg-description\">\n\t\t\t\t<p>Fotos (C) Ren\u00e9<\/p>\n\t\t\t\t\t\t\t\t<p class=\"ngg-album-gallery-image-counter\"><strong>36<\/strong>&nbsp;Fotos<\/p>\n\t\t\t\t\t\t\t<\/div>\n\t\t<\/div>\n\t<\/div>\n\n \t\n\t<div class=\"ngg-album\">\n\t\t<div class=\"ngg-albumtitle\"><a href=\"https:\/\/www.dynamics-suhl.de\/monsterblog\/dvv-pokal-2009-2010\/nggallery\/dvv-pokal-0910\/achtelfinale-vfb-91-suhl-vs-vt-aurubis-hamburg\">Achtelfinale: VfB 91 Suhl vs. VT Aurubis Hamburg<\/a><\/div>\n\t\t\t<div class=\"ngg-albumcontent\">\n\t\t\t\t<div class=\"ngg-thumbnail\">\n\t\t\t\t\t<a href=\"https:\/\/www.dynamics-suhl.de\/monsterblog\/dvv-pokal-2009-2010\/nggallery\/dvv-pokal-0910\/achtelfinale-vfb-91-suhl-vs-vt-aurubis-hamburg\"><img class=\"Thumb\" alt=\"Achtelfinale: VfB 91 Suhl vs. VT Aurubis Hamburg\" src=\"\"\/><\/a>\n\t\t\t\t<\/div>\n\t\t\t\t<div class=\"ngg-description\">\n\t\t\t\t<p>Fotos (C) Ren\u00e9<\/p>\n\t\t\t\t\t\t\t\t<p class=\"ngg-album-gallery-image-counter\"><strong>65<\/strong>&nbsp;Fotos<\/p>\n\t\t\t\t\t\t\t<\/div>\n\t\t<\/div>\n\t<\/div>\n\n \t \t\n\t<!-- Pagination -->\n \t<div class='ngg-clear'><\/div> \t\n<\/div>\n\n\n","protected":false},"excerpt":{"rendered":"<p>Alben:<\/p>\n","protected":false},"author":3,"featured_media":0,"parent":0,"menu_order":0,"comment_status":"open","ping_status":"closed","template":"","meta":{"ngg_post_thumbnail":0},"_links":{"self":[{"href":"https:\/\/www.dynamics-suhl.de\/monsterblog\/wp-json\/wp\/v2\/pages\/3080"}],"collection":[{"href":"https:\/\/www.dynamics-suhl.de\/monsterblog\/wp-json\/wp\/v2\/pages"}],"about":[{"href":"https:\/\/www.dynamics-suhl.de\/monsterblog\/wp-json\/wp\/v2\/types\/page"}],"author":[{"embeddable":true,"href":"https:\/\/www.dynamics-suhl.de\/monsterblog\/wp-json\/wp\/v2\/users\/3"}],"replies":[{"embeddable":true,"href":"https:\/\/www.dynamics-suhl.de\/monsterblog\/wp-json\/wp\/v2\/comments?post=3080"}],"version-history":[{"count":0,"href":"https:\/\/www.dynamics-suhl.de\/monsterblog\/wp-json\/wp\/v2\/pages\/3080\/revisions"}],"wp:attachment":[{"href":"https:\/\/www.dynamics-suhl.de\/monsterblog\/wp-json\/wp\/v2\/media?parent=3080"}],"curies":[{"name":"wp","href":"https:\/\/api.w.org\/{rel}","templated":true}]}}