{"id":5368,"date":"2011-03-07T16:57:27","date_gmt":"2011-03-07T15:57:27","guid":{"rendered":"http:\/\/www.dynamics-suhl.de\/monsterblog\/?page_id=5368"},"modified":"2011-03-09T18:56:19","modified_gmt":"2011-03-09T17:56:19","slug":"dvv-pokalfinale-2011","status":"publish","type":"page","link":"https:\/\/www.dynamics-suhl.de\/monsterblog\/dvv-pokalfinale-2011\/","title":{"rendered":"DVV-Pokalfinale 2011"},"content":{"rendered":"            \n\t\t<div class=\"ngg-gallery-singlepic-image ngg-right\" style=\"max-width: 194px\">\n\t\t\t    \t<a href=\"https:\/\/www.dynamics-suhl.de\/monsterblog\/wp-content\/gallery\/2011-03-06_pokalfinale_2k11_stoppe\/_MG_6866.jpg\"\n\t\t     title=\"\"\n             data-src=\"https:\/\/www.dynamics-suhl.de\/monsterblog\/wp-content\/gallery\/2011-03-06_pokalfinale_2k11_stoppe\/_MG_6866.jpg\"\n             data-thumbnail=\"https:\/\/www.dynamics-suhl.de\/monsterblog\/wp-content\/gallery\/2011-03-06_pokalfinale_2k11_stoppe\/thumbs\/thumbs__MG_6866.jpg\"\n             data-image-id=\"10741\"\n             data-title=\"_MG_6866\"\n             data-description=\"\"\n             target='_self'\n             class=\"ngg-fancybox\" rel=\"37026df4373001bb08b8e3e93a229798\">\n            <img class=\"ngg-singlepic\"\n             src=\"https:\/\/www.dynamics-suhl.de\/monsterblog\/wp-content\/gallery\/2011-03-06_pokalfinale_2k11_stoppe\/cache\/_MG_6866.jpg-nggid0510741-ngg0dyn-194x0x100-00f0w010c010r110f110r010t010.jpg\"\n             alt=\"_MG_6866\"\n             title=\"_MG_6866\"\n              width=\"194\"               \/>\n    \t<\/a>\n\t\t      <\/div>\n        \n<p>Der VfB Suhl und Smart Allianz Stuttgart waren in diesem Jahr die Kontrahenten beim Finale der Damen. Stuttgart behielt mit 3:0 die Oberhand und konnte den ersten Titel der Vereinsgeschichte feiern. Der VfB musste sich zum zweiten Mal in Folge erst im Finale geschlagen geben.<br \/>\nBei den Herren lieferten sich die Spitzenclubs Generali Haching und VfB Friedrichshafen einen hochklassigen F\u00fcnf-Satz-Krimi, welchen das Team aus Bayern letztendlich mit 3:2 f\u00fcr sich entscheiden konnte. Damit gelang den Hachingern \u00fcbrigens ein lupenreiner DVV-Pokal-Hattrick. <\/p>\n<p><a href=\"http:\/\/www.dynamics-suhl.de\/monsterblog\/2011\/03\/07\/ein-gebrauchter-tag\" target=\"_blank\">&#8230;zum Artikel im Monster-Blog.<\/a><\/p>\n<p><a href=\"http:\/\/www.youtube.com\/watch?v=SUq9C798-u4\" target=\"_blank\">&#8230;zum DVV-Pokal-Final-Video #1<\/a>,  sowie <a href=\"http:\/\/www.youtube.com\/watch?v=xrxm5vmHGuQ\" target=\"_blank\">Pokal-Finale Damen (Suhl vs. Stuttgart) und Herren (Haching vs. Friedrichshafen)<\/a>.<\/p><ul class=\"ngg-breadcrumbs\">\n    <\/ul>\n<div class=\"ngg-albumoverview\">\t\n\t<!-- List of galleries -->\n\t\n\t<div class=\"ngg-album\">\n\t\t<div class=\"ngg-albumtitle\"><a href=\"https:\/\/www.dynamics-suhl.de\/monsterblog\/dvv-pokalfinale-2011\/nggallery\/pokalfinale-2011\/pokalfinale-2011-gemischte-galerie\">Pokalfinale 2011 - gemischte Galerie<\/a><\/div>\n\t\t\t<div class=\"ngg-albumcontent\">\n\t\t\t\t<div class=\"ngg-thumbnail\">\n\t\t\t\t\t<a href=\"https:\/\/www.dynamics-suhl.de\/monsterblog\/dvv-pokalfinale-2011\/nggallery\/pokalfinale-2011\/pokalfinale-2011-gemischte-galerie\"><img class=\"Thumb\" alt=\"Pokalfinale 2011 - gemischte Galerie\" src=\"\"\/><\/a>\n\t\t\t\t<\/div>\n\t\t\t\t<div class=\"ngg-description\">\n\t\t\t\t<p>Fotos (C) Stephan Ro\u00dfteuscher<\/p>\n\t\t\t\t\t\t\t\t<p class=\"ngg-album-gallery-image-counter\"><strong>160<\/strong>&nbsp;Fotos<\/p>\n\t\t\t\t\t\t\t<\/div>\n\t\t<\/div>\n\t<\/div>\n\n \t\n\t<div class=\"ngg-album\">\n\t\t<div class=\"ngg-albumtitle\"><a href=\"https:\/\/www.dynamics-suhl.de\/monsterblog\/dvv-pokalfinale-2011\/nggallery\/pokalfinale-2011\/pokalfinale-2011-damenfinale\">Pokalfinale 2011 - Damenfinale<\/a><\/div>\n\t\t\t<div class=\"ngg-albumcontent\">\n\t\t\t\t<div class=\"ngg-thumbnail\">\n\t\t\t\t\t<a href=\"https:\/\/www.dynamics-suhl.de\/monsterblog\/dvv-pokalfinale-2011\/nggallery\/pokalfinale-2011\/pokalfinale-2011-damenfinale\"><img class=\"Thumb\" alt=\"Pokalfinale 2011 - Damenfinale\" src=\"https:\/\/www.dynamics-suhl.de\/monsterblog\/wp-content\/gallery\/2011-03-06_pokalfinale_damen_rene\/cache\/20110306_0117.jpg-nggid0510841-ngg0dyn-91x68-00f0w010c011r110f110r010t010.jpg\"\/><\/a>\n\t\t\t\t<\/div>\n\t\t\t\t<div class=\"ngg-description\">\n\t\t\t\t<p>Fotos (C) Ren\u00e9 Siegling<\/p>\n\t\t\t\t\t\t\t\t<p class=\"ngg-album-gallery-image-counter\"><strong>162<\/strong>&nbsp;Fotos<\/p>\n\t\t\t\t\t\t\t<\/div>\n\t\t<\/div>\n\t<\/div>\n\n \t\n\t<div class=\"ngg-album\">\n\t\t<div class=\"ngg-albumtitle\"><a href=\"https:\/\/www.dynamics-suhl.de\/monsterblog\/dvv-pokalfinale-2011\/nggallery\/pokalfinale-2011\/pokalfinale-2011-herrenfinale\">Pokalfinale 2011 - Herrenfinale<\/a><\/div>\n\t\t\t<div class=\"ngg-albumcontent\">\n\t\t\t\t<div class=\"ngg-thumbnail\">\n\t\t\t\t\t<a href=\"https:\/\/www.dynamics-suhl.de\/monsterblog\/dvv-pokalfinale-2011\/nggallery\/pokalfinale-2011\/pokalfinale-2011-herrenfinale\"><img class=\"Thumb\" alt=\"Pokalfinale 2011 - Herrenfinale\" src=\"https:\/\/www.dynamics-suhl.de\/monsterblog\/wp-content\/gallery\/2011-03-06_pokalfinale_herren_rene\/cache\/20110306_0534.jpg-nggid0510991-ngg0dyn-91x68-00f0w010c011r110f110r010t010.jpg\"\/><\/a>\n\t\t\t\t<\/div>\n\t\t\t\t<div class=\"ngg-description\">\n\t\t\t\t<p>Fotos (C) Ren\u00e9 Siegling<\/p>\n\t\t\t\t\t\t\t\t<p class=\"ngg-album-gallery-image-counter\"><strong>71<\/strong>&nbsp;Fotos<\/p>\n\t\t\t\t\t\t\t<\/div>\n\t\t<\/div>\n\t<\/div>\n\n \t\n\t<div class=\"ngg-album\">\n\t\t<div class=\"ngg-albumtitle\"><a href=\"https:\/\/www.dynamics-suhl.de\/monsterblog\/dvv-pokalfinale-2011\/nggallery\/pokalfinale-2011\/pokalfinale-2011-siegerehrung\">Pokalfinale 2011 - Siegerehrung<\/a><\/div>\n\t\t\t<div class=\"ngg-albumcontent\">\n\t\t\t\t<div class=\"ngg-thumbnail\">\n\t\t\t\t\t<a href=\"https:\/\/www.dynamics-suhl.de\/monsterblog\/dvv-pokalfinale-2011\/nggallery\/pokalfinale-2011\/pokalfinale-2011-siegerehrung\"><img class=\"Thumb\" alt=\"Pokalfinale 2011 - Siegerehrung\" src=\"https:\/\/www.dynamics-suhl.de\/monsterblog\/wp-content\/gallery\/2011-03-06_pokalfinale_siegerehrung_rene\/cache\/20110306_0661.jpg-nggid0511055-ngg0dyn-91x68-00f0w010c011r110f110r010t010.jpg\"\/><\/a>\n\t\t\t\t<\/div>\n\t\t\t\t<div class=\"ngg-description\">\n\t\t\t\t<p>Fotos (C) Ren\u00e9 Siegling<\/p>\n\t\t\t\t\t\t\t\t<p class=\"ngg-album-gallery-image-counter\"><strong>35<\/strong>&nbsp;Fotos<\/p>\n\t\t\t\t\t\t\t<\/div>\n\t\t<\/div>\n\t<\/div>\n\n \t \t\n\t<!-- Pagination -->\n \t<div class='ngg-clear'><\/div> \t\n<\/div>\n\n<div style=\"font: 9px Verdana; background-color: #ededed; padding: 3px 5px 3px 5px; margin: 3px 0px 5px 0px; border: 1px solid #DEDEDE;\"><strong><a id=\"link-tipp\" class=\"anker_link\">Dynamics Link-Tipps:<\/a><\/strong> 1A Fotos @ <a href=\"http:\/\/volleywood.de\/?p=2961\" target=\"_blank\">volleywood.de<\/a> &#8230; <\/div>\n<p><\/p>\n<p><a href=\"http:\/\/www.dynamics-suhl.de\/monsterblog\/wp-content\/gallery\/2011-03-06_pokalfinale_2k11_stoppe\/_MG_6924.jpg\"><image src=\"http:\/\/www.dynamics-suhl.de\/monsterblog\/wp-content\/gallery\/2011-03-06_pokalfinale_2k11_stoppe\/_MG_6924.jpg\" width=\"430\" alt=\"Pokalfinalist 2011 - VfB 91 Suhl\" title=\"Pokalfinalist 2011 - VfB 91 Suhl\" \/><\/a><\/p>\n<p>[ratings]<\/p>\n","protected":false},"excerpt":{"rendered":"<p>Der VfB Suhl und Smart Allianz Stuttgart waren in diesem Jahr die Kontrahenten beim Finale der Damen. Stuttgart behielt mit 3:0 die Oberhand und konnte den ersten Titel der Vereinsgeschichte feiern. Der VfB musste sich zum zweiten Mal in Folge erst im Finale geschlagen geben. Bei den Herren lieferten sich die Spitzenclubs Generali Haching und [&hellip;]<\/p>\n","protected":false},"author":3,"featured_media":0,"parent":0,"menu_order":0,"comment_status":"open","ping_status":"closed","template":"","meta":{"ngg_post_thumbnail":0},"_links":{"self":[{"href":"https:\/\/www.dynamics-suhl.de\/monsterblog\/wp-json\/wp\/v2\/pages\/5368"}],"collection":[{"href":"https:\/\/www.dynamics-suhl.de\/monsterblog\/wp-json\/wp\/v2\/pages"}],"about":[{"href":"https:\/\/www.dynamics-suhl.de\/monsterblog\/wp-json\/wp\/v2\/types\/page"}],"author":[{"embeddable":true,"href":"https:\/\/www.dynamics-suhl.de\/monsterblog\/wp-json\/wp\/v2\/users\/3"}],"replies":[{"embeddable":true,"href":"https:\/\/www.dynamics-suhl.de\/monsterblog\/wp-json\/wp\/v2\/comments?post=5368"}],"version-history":[{"count":0,"href":"https:\/\/www.dynamics-suhl.de\/monsterblog\/wp-json\/wp\/v2\/pages\/5368\/revisions"}],"wp:attachment":[{"href":"https:\/\/www.dynamics-suhl.de\/monsterblog\/wp-json\/wp\/v2\/media?parent=5368"}],"curies":[{"name":"wp","href":"https:\/\/api.w.org\/{rel}","templated":true}]}}