{"id":7316,"date":"2012-09-17T12:44:45","date_gmt":"2012-09-17T10:44:45","guid":{"rendered":"http:\/\/www.dynamics-suhl.de\/monsterblog\/?page_id=7316"},"modified":"2012-09-17T12:45:03","modified_gmt":"2012-09-17T10:45:03","slug":"dvl-saison-2012-13","status":"publish","type":"page","link":"https:\/\/www.dynamics-suhl.de\/monsterblog\/fotoalben\/dvl-saison-2012-13\/","title":{"rendered":"DVL Saison 2012\/13"},"content":{"rendered":"<ul class=\"ngg-breadcrumbs\">\n    <\/ul>\n<div class=\"ngg-albumoverview\">\t\n\t<!-- List of galleries -->\n\t\n\t<div class=\"ngg-album\">\n\t\t<div class=\"ngg-albumtitle\"><a href=\"https:\/\/www.dynamics-suhl.de\/monsterblog\/fotoalben\/dvl-saison-2012-13\/sponsorenturnier\/\">Sponsorenturnier<\/a><\/div>\n\t\t\t<div class=\"ngg-albumcontent\">\n\t\t\t\t<div class=\"ngg-thumbnail\">\n\t\t\t\t\t<a href=\"https:\/\/www.dynamics-suhl.de\/monsterblog\/fotoalben\/dvl-saison-2012-13\/sponsorenturnier\/\"><img class=\"Thumb\" alt=\"Sponsorenturnier\" src=\"https:\/\/www.dynamics-suhl.de\/monsterblog\/wp-content\/gallery\/2013-03-28_sponsorenturnier\/cache\/IMGP8353_850px.jpg-nggid0519175-ngg0dyn-91x68-00f0w010c011r110f110r010t010.jpg\"\/><\/a>\n\t\t\t\t<\/div>\n\t\t\t\t<div class=\"ngg-description\">\n\t\t\t\t<p>4.Uwe-R\u00fcckner-Ged\u00e4chtnisturnier in der Suhler Wolfsgrube - Fotos (C) I.Rust, O.Bu\u00dfler u.a.<\/p>\n\t\t\t\t\t\t\t\t<p class=\"ngg-album-gallery-image-counter\"><strong>74<\/strong>&nbsp;Fotos<\/p>\n\t\t\t\t\t\t\t<\/div>\n\t\t<\/div>\n\t<\/div>\n\n \t\n\t<div class=\"ngg-album\">\n\t\t<div class=\"ngg-albumtitle\"><a href=\"https:\/\/www.dynamics-suhl.de\/monsterblog\/fotoalben\/dvl-saison-2012-13\/nggallery\/saison-1213\/pre-play-off-vfb-91-suhl-vs-vt-aurubis-hamburg-2\">Pre-Play-Off: VfB 91 Suhl vs. VT Aurubis Hamburg<\/a><\/div>\n\t\t\t<div class=\"ngg-albumcontent\">\n\t\t\t\t<div class=\"ngg-thumbnail\">\n\t\t\t\t\t<a href=\"https:\/\/www.dynamics-suhl.de\/monsterblog\/fotoalben\/dvl-saison-2012-13\/nggallery\/saison-1213\/pre-play-off-vfb-91-suhl-vs-vt-aurubis-hamburg-2\"><img class=\"Thumb\" alt=\"Pre-Play-Off: VfB 91 Suhl vs. VT Aurubis Hamburg\" src=\"https:\/\/www.dynamics-suhl.de\/monsterblog\/wp-content\/gallery\/2013-03-23_vfb_vs_vta_pre_play-off\/cache\/20130323_0104.jpg-nggid0519033-ngg0dyn-91x68-00f0w010c011r110f110r010t010.jpg\"\/><\/a>\n\t\t\t\t<\/div>\n\t\t\t\t<div class=\"ngg-description\">\n\t\t\t\t<p>Samstag, 23.03.2013 - Fotos (C) Ren\u00e9 Siegling<\/p>\n\t\t\t\t\t\t\t\t<p class=\"ngg-album-gallery-image-counter\"><strong>69<\/strong>&nbsp;Fotos<\/p>\n\t\t\t\t\t\t\t<\/div>\n\t\t<\/div>\n\t<\/div>\n\n \t\n\t<div class=\"ngg-album\">\n\t\t<div class=\"ngg-albumtitle\"><a href=\"https:\/\/www.dynamics-suhl.de\/monsterblog\/fotoalben\/dvl-saison-2012-13\/vfb-91-suhl-vs-alemannia-aachen\/\">VfB 91 Suhl vs. Alemannia Aachen<\/a><\/div>\n\t\t\t<div class=\"ngg-albumcontent\">\n\t\t\t\t<div class=\"ngg-thumbnail\">\n\t\t\t\t\t<a href=\"https:\/\/www.dynamics-suhl.de\/monsterblog\/fotoalben\/dvl-saison-2012-13\/vfb-91-suhl-vs-alemannia-aachen\/\"><img class=\"Thumb\" alt=\"VfB 91 Suhl vs. Alemannia Aachen\" src=\"https:\/\/www.dynamics-suhl.de\/monsterblog\/wp-content\/gallery\/2013-03-09_vfb_vs_aac\/cache\/20130309_0023.jpg-nggid0518926-ngg0dyn-91x68-00f0w010c011r110f110r010t010.jpg\"\/><\/a>\n\t\t\t\t<\/div>\n\t\t\t\t<div class=\"ngg-description\">\n\t\t\t\t<p>Samstag, 09.03.2013 - Fotos (C) Ren\u00e9 Siegling<\/p>\n\t\t\t\t\t\t\t\t<p class=\"ngg-album-gallery-image-counter\"><strong>83<\/strong>&nbsp;Fotos<\/p>\n\t\t\t\t\t\t\t<\/div>\n\t\t<\/div>\n\t<\/div>\n\n \t\n\t<div class=\"ngg-album\">\n\t\t<div class=\"ngg-albumtitle\"><a href=\"https:\/\/www.dynamics-suhl.de\/monsterblog\/fotoalben\/dvl-saison-2012-13\/vt-aurubis-hamburg-vs-vfb-91-suhl\/\">DVL Saison 2012\/13: VT Aurubis Hamburg vs. VfB 91 Suhl<\/a><\/div>\n\t\t\t<div class=\"ngg-albumcontent\">\n\t\t\t\t<div class=\"ngg-thumbnail\">\n\t\t\t\t\t<a href=\"https:\/\/www.dynamics-suhl.de\/monsterblog\/fotoalben\/dvl-saison-2012-13\/vt-aurubis-hamburg-vs-vfb-91-suhl\/\"><img class=\"Thumb\" alt=\"DVL Saison 2012\/13: VT Aurubis Hamburg vs. VfB 91 Suhl\" src=\"https:\/\/www.dynamics-suhl.de\/monsterblog\/wp-content\/gallery\/2013-02-23_vfb_at_vta_sc\/cache\/0019_0_850px.jpg-nggid0518818-ngg0dyn-91x68-00f0w010c011r110f110r010t010.jpg\"\/><\/a>\n\t\t\t\t<\/div>\n\t\t\t\t<div class=\"ngg-description\">\n\t\t\t\t<p>Fotos (C) Ingolf Rust<\/p>\n\t\t\t\t\t\t\t\t<p class=\"ngg-album-gallery-image-counter\"><strong>43<\/strong>&nbsp;Fotos<\/p>\n\t\t\t\t\t\t\t<\/div>\n\t\t<\/div>\n\t<\/div>\n\n \t\n\t<div class=\"ngg-album\">\n\t\t<div class=\"ngg-albumtitle\"><a href=\"https:\/\/www.dynamics-suhl.de\/monsterblog\/fotoalben\/dvl-saison-2012-13\/\">VfB 91 Suhl vs. USC M\u00fcnster<\/a><\/div>\n\t\t\t<div class=\"ngg-albumcontent\">\n\t\t\t\t<div class=\"ngg-thumbnail\">\n\t\t\t\t\t<a href=\"https:\/\/www.dynamics-suhl.de\/monsterblog\/fotoalben\/dvl-saison-2012-13\/\"><img class=\"Thumb\" alt=\"VfB 91 Suhl vs. USC M\u00fcnster\" src=\"https:\/\/www.dynamics-suhl.de\/monsterblog\/wp-content\/gallery\/2013-02-16_vfb_vs_usc\/cache\/20130216_0117.jpg-nggid0518731-ngg0dyn-91x68-00f0w010c011r110f110r010t010.jpg\"\/><\/a>\n\t\t\t\t<\/div>\n\t\t\t\t<div class=\"ngg-description\">\n\t\t\t\t<p>Samstag, 16.02.2013 - Fotos (C) Ren\u00e9 Siegling  <\/p>\n\t\t\t\t\t\t\t\t<p class=\"ngg-album-gallery-image-counter\"><strong>90<\/strong>&nbsp;Fotos<\/p>\n\t\t\t\t\t\t\t<\/div>\n\t\t<\/div>\n\t<\/div>\n\n \t\n\t<div class=\"ngg-album\">\n\t\t<div class=\"ngg-albumtitle\"><a href=\"https:\/\/www.dynamics-suhl.de\/monsterblog\/fotoalben\/dvl-saison-2012-13\/vfb-91-suhl-vs-allianz-mtv-stuttgart\/\">VfB 91 Suhl vs. Allianz MTV Stuttgart<\/a><\/div>\n\t\t\t<div class=\"ngg-albumcontent\">\n\t\t\t\t<div class=\"ngg-thumbnail\">\n\t\t\t\t\t<a href=\"https:\/\/www.dynamics-suhl.de\/monsterblog\/fotoalben\/dvl-saison-2012-13\/vfb-91-suhl-vs-allianz-mtv-stuttgart\/\"><img class=\"Thumb\" alt=\"VfB 91 Suhl vs. Allianz MTV Stuttgart\" src=\"https:\/\/www.dynamics-suhl.de\/monsterblog\/wp-content\/gallery\/2013-02-02_vfb_vs_avs\/cache\/20130202_0023.jpg-nggid0518540-ngg0dyn-91x68-00f0w010c011r110f110r010t010.jpg\"\/><\/a>\n\t\t\t\t<\/div>\n\t\t\t\t<div class=\"ngg-description\">\n\t\t\t\t<p>Samstag, 02.02.2013 - Fotos (C) Ren\u00e9 Siegling <\/p>\n\t\t\t\t\t\t\t\t<p class=\"ngg-album-gallery-image-counter\"><strong>80<\/strong>&nbsp;Fotos<\/p>\n\t\t\t\t\t\t\t<\/div>\n\t\t<\/div>\n\t<\/div>\n\n \t\n\t<div class=\"ngg-album\">\n\t\t<div class=\"ngg-albumtitle\"><a href=\"https:\/\/www.dynamics-suhl.de\/monsterblog\/fotoalben\/dvl-saison-2012-13\/dvl-saison-201213-kopenicker-sc-vs-vfb-91-suhl\/\">DVL Saison 2012\/13: K\u00f6penicker SC vs. VfB 91 Suhl<\/a><\/div>\n\t\t\t<div class=\"ngg-albumcontent\">\n\t\t\t\t<div class=\"ngg-thumbnail\">\n\t\t\t\t\t<a href=\"https:\/\/www.dynamics-suhl.de\/monsterblog\/fotoalben\/dvl-saison-2012-13\/dvl-saison-201213-kopenicker-sc-vs-vfb-91-suhl\/\"><img class=\"Thumb\" alt=\"DVL Saison 2012\/13: K\u00f6penicker SC vs. VfB 91 Suhl\" src=\"https:\/\/www.dynamics-suhl.de\/monsterblog\/wp-content\/gallery\/2013-01-30_vfb_at_ksc_obus\/cache\/IMGP5888d.jpg-nggid0518618-ngg0dyn-91x68-00f0w010c011r110f110r010t010.jpg\"\/><\/a>\n\t\t\t\t<\/div>\n\t\t\t\t<div class=\"ngg-description\">\n\t\t\t\t<p>Fotos (C) Olaf Bu\u00dfler<\/p>\n\t\t\t\t\t\t\t\t<p class=\"ngg-album-gallery-image-counter\"><strong>86<\/strong>&nbsp;Fotos<\/p>\n\t\t\t\t\t\t\t<\/div>\n\t\t<\/div>\n\t<\/div>\n\n \t\n\t<div class=\"ngg-album\">\n\t\t<div class=\"ngg-albumtitle\"><a href=\"https:\/\/www.dynamics-suhl.de\/monsterblog\/fotoalben\/dvl-saison-2012-13\/vfb-91-suhl-vs-vc-wiesbaden\/\">DVL Saison 2012\/13: VfB 91 Suhl vs. 1.VC Wiesbaden<\/a><\/div>\n\t\t\t<div class=\"ngg-albumcontent\">\n\t\t\t\t<div class=\"ngg-thumbnail\">\n\t\t\t\t\t<a href=\"https:\/\/www.dynamics-suhl.de\/monsterblog\/fotoalben\/dvl-saison-2012-13\/vfb-91-suhl-vs-vc-wiesbaden\/\"><img class=\"Thumb\" alt=\"DVL Saison 2012\/13: VfB 91 Suhl vs. 1.VC Wiesbaden\" src=\"https:\/\/www.dynamics-suhl.de\/monsterblog\/wp-content\/gallery\/2013-01-19_vfb_vs_vcw\/cache\/IMGP5764bead.jpg-nggid0518518-ngg0dyn-91x68-00f0w010c011r110f110r010t010.jpg\"\/><\/a>\n\t\t\t\t<\/div>\n\t\t\t\t<div class=\"ngg-description\">\n\t\t\t\t<p>Samstag, 19.01.2013 - Fotos (C) Olaf Bu\u00dfler - Die Kamera streikte leider in Satz 1 und 2, daher beginnt die Galerie zu einem sp\u00e4teren Zeitpunkt.<\/p>\n\t\t\t\t\t\t\t\t<p class=\"ngg-album-gallery-image-counter\"><strong>61<\/strong>&nbsp;Fotos<\/p>\n\t\t\t\t\t\t\t<\/div>\n\t\t<\/div>\n\t<\/div>\n\n \t\n\t<div class=\"ngg-album\">\n\t\t<div class=\"ngg-albumtitle\"><a href=\"https:\/\/www.dynamics-suhl.de\/monsterblog\/fotoalben\/dvl-saison-2012-13\/vfb-91-suhl-vs-schweriner-sc\/\">VfB 91 Suhl vs. Schweriner SC<\/a><\/div>\n\t\t\t<div class=\"ngg-albumcontent\">\n\t\t\t\t<div class=\"ngg-thumbnail\">\n\t\t\t\t\t<a href=\"https:\/\/www.dynamics-suhl.de\/monsterblog\/fotoalben\/dvl-saison-2012-13\/vfb-91-suhl-vs-schweriner-sc\/\"><img class=\"Thumb\" alt=\"VfB 91 Suhl vs. Schweriner SC\" src=\"https:\/\/www.dynamics-suhl.de\/monsterblog\/wp-content\/gallery\/2013-01-12_vfb_vs_ssc\/cache\/20130112_0185.jpg-nggid0518414-ngg0dyn-91x68-00f0w010c011r110f110r010t010.jpg\"\/><\/a>\n\t\t\t\t<\/div>\n\t\t\t\t<div class=\"ngg-description\">\n\t\t\t\t<p>Samstag, 12.01.2013 - Fotos (C) Ren\u00e9 Siegling<\/p>\n\t\t\t\t\t\t\t\t<p class=\"ngg-album-gallery-image-counter\"><strong>94<\/strong>&nbsp;Fotos<\/p>\n\t\t\t\t\t\t\t<\/div>\n\t\t<\/div>\n\t<\/div>\n\n \t\n\t<div class=\"ngg-album\">\n\t\t<div class=\"ngg-albumtitle\"><a href=\"https:\/\/www.dynamics-suhl.de\/monsterblog\/fotoalben\/dvl-saison-2012-13\/dvl-saison-201213-vsg-coburggrub-vs-tsv-zschopau\/\">DVL Saison 2012\/13: VSG Coburg\/Grub vs. TSV Zschopau<\/a><\/div>\n\t\t\t<div class=\"ngg-albumcontent\">\n\t\t\t\t<div class=\"ngg-thumbnail\">\n\t\t\t\t\t<a href=\"https:\/\/www.dynamics-suhl.de\/monsterblog\/fotoalben\/dvl-saison-2012-13\/dvl-saison-201213-vsg-coburggrub-vs-tsv-zschopau\/\"><img class=\"Thumb\" alt=\"DVL Saison 2012\/13: VSG Coburg\/Grub vs. TSV Zschopau\" src=\"https:\/\/www.dynamics-suhl.de\/monsterblog\/wp-content\/gallery\/2012-12-22_vsg_vs_zsc\/cache\/IMG_0469_850px.JPG-nggid0518357-ngg0dyn-91x68-00f0w010c011r110f110r010t010.JPG\"\/><\/a>\n\t\t\t\t<\/div>\n\t\t\t\t<div class=\"ngg-description\">\n\t\t\t\t<p>Fotos (C) Ingolf Rust<\/p>\n\t\t\t\t\t\t\t\t<p class=\"ngg-album-gallery-image-counter\"><strong>22<\/strong>&nbsp;Fotos<\/p>\n\t\t\t\t\t\t\t<\/div>\n\t\t<\/div>\n\t<\/div>\n\n \t\n\t<div class=\"ngg-album\">\n\t\t<div class=\"ngg-albumtitle\"><a href=\"https:\/\/www.dynamics-suhl.de\/monsterblog\/fotoalben\/dvl-saison-2012-13\/nggallery\/saison-1213\/vc-wiesbaden-vs-vfb-91-suhl\">VC Wiesbaden vs. VfB 91 Suhl<\/a><\/div>\n\t\t\t<div class=\"ngg-albumcontent\">\n\t\t\t\t<div class=\"ngg-thumbnail\">\n\t\t\t\t\t<a href=\"https:\/\/www.dynamics-suhl.de\/monsterblog\/fotoalben\/dvl-saison-2012-13\/nggallery\/saison-1213\/vc-wiesbaden-vs-vfb-91-suhl\"><img class=\"Thumb\" alt=\"VC Wiesbaden vs. VfB 91 Suhl\" src=\"https:\/\/www.dynamics-suhl.de\/monsterblog\/wp-content\/gallery\/2012-12-15_vcw_vs_vfb_rene\/cache\/20121215_0221.jpg-nggid0518334-ngg0dyn-91x68-00f0w010c011r110f110r010t010.jpg\"\/><\/a>\n\t\t\t\t<\/div>\n\t\t\t\t<div class=\"ngg-description\">\n\t\t\t\t<p>Ausw\u00e4rtsfahrt, Samstag, 15.12.2012 - Fotos (C) Ren\u00e9 Siegling <\/p>\n\t\t\t\t\t\t\t\t<p class=\"ngg-album-gallery-image-counter\"><strong>54<\/strong>&nbsp;Fotos<\/p>\n\t\t\t\t\t\t\t<\/div>\n\t\t<\/div>\n\t<\/div>\n\n \t\n\t<div class=\"ngg-album\">\n\t\t<div class=\"ngg-albumtitle\"><a href=\"https:\/\/www.dynamics-suhl.de\/monsterblog\/fotoalben\/dvl-saison-2012-13\/vfb-91-suhl-vs-kopenicker-sc\/\">VfB 91 Suhl vs. K\u00f6penicker SC<\/a><\/div>\n\t\t\t<div class=\"ngg-albumcontent\">\n\t\t\t\t<div class=\"ngg-thumbnail\">\n\t\t\t\t\t<a href=\"https:\/\/www.dynamics-suhl.de\/monsterblog\/fotoalben\/dvl-saison-2012-13\/vfb-91-suhl-vs-kopenicker-sc\/\"><img class=\"Thumb\" alt=\"VfB 91 Suhl vs. K\u00f6penicker SC\" src=\"https:\/\/www.dynamics-suhl.de\/monsterblog\/wp-content\/gallery\/2012-12-08_vfb_ksc_obus\/cache\/IMGP5105%20d.jpg-nggid0518286-ngg0dyn-91x68-00f0w010c011r110f110r010t010.jpg\"\/><\/a>\n\t\t\t\t<\/div>\n\t\t\t\t<div class=\"ngg-description\">\n\t\t\t\t<p>Fotos (C) Olaf Bu\u00dfler<\/p>\n\t\t\t\t\t\t\t\t<p class=\"ngg-album-gallery-image-counter\"><strong>70<\/strong>&nbsp;Fotos<\/p>\n\t\t\t\t\t\t\t<\/div>\n\t\t<\/div>\n\t<\/div>\n\n \t\n\t<div class=\"ngg-album\">\n\t\t<div class=\"ngg-albumtitle\"><a href=\"https:\/\/www.dynamics-suhl.de\/monsterblog\/fotoalben\/dvl-saison-2012-13\/alemannia-aachen-vs-vfb-91-suhl\/\">Alemannia Aachen  vs. VfB 91 Suhl<\/a><\/div>\n\t\t\t<div class=\"ngg-albumcontent\">\n\t\t\t\t<div class=\"ngg-thumbnail\">\n\t\t\t\t\t<a href=\"https:\/\/www.dynamics-suhl.de\/monsterblog\/fotoalben\/dvl-saison-2012-13\/alemannia-aachen-vs-vfb-91-suhl\/\"><img class=\"Thumb\" alt=\"Alemannia Aachen  vs. VfB 91 Suhl\" src=\"https:\/\/www.dynamics-suhl.de\/monsterblog\/wp-content\/gallery\/2012-12-01_aac_vs_vfb\/cache\/20121201_0229.jpg-nggid0518013-ngg0dyn-91x68-00f0w010c011r110f110r010t010.jpg\"\/><\/a>\n\t\t\t\t<\/div>\n\t\t\t\t<div class=\"ngg-description\">\n\t\t\t\t<p>Ausw\u00e4rtsfahrt,  Samstag, 01.12.2012 - Fotos (C) Ren\u00e9 Siegling<\/p>\n\t\t\t\t\t\t\t\t<p class=\"ngg-album-gallery-image-counter\"><strong>88<\/strong>&nbsp;Fotos<\/p>\n\t\t\t\t\t\t\t<\/div>\n\t\t<\/div>\n\t<\/div>\n\n \t\n\t<div class=\"ngg-album\">\n\t\t<div class=\"ngg-albumtitle\"><a href=\"https:\/\/www.dynamics-suhl.de\/monsterblog\/fotoalben\/dvl-saison-2012-13\/vfb-91-suhl-vs-vt-aurubis-hamburg-2\/\">VfB 91 Suhl vs. VT Aurubis Hamburg (2)<\/a><\/div>\n\t\t\t<div class=\"ngg-albumcontent\">\n\t\t\t\t<div class=\"ngg-thumbnail\">\n\t\t\t\t\t<a href=\"https:\/\/www.dynamics-suhl.de\/monsterblog\/fotoalben\/dvl-saison-2012-13\/vfb-91-suhl-vs-vt-aurubis-hamburg-2\/\"><img class=\"Thumb\" alt=\"VfB 91 Suhl vs. VT Aurubis Hamburg (2)\" src=\"https:\/\/www.dynamics-suhl.de\/monsterblog\/wp-content\/gallery\/2012-11-24_vfb_vta_obus\/cache\/IMGP4387%20bea.jpg-nggid0518146-ngg0dyn-91x68-00f0w010c011r110f110r010t010.jpg\"\/><\/a>\n\t\t\t\t<\/div>\n\t\t\t\t<div class=\"ngg-description\">\n\t\t\t\t<p>Fotos (C) Olaf Bu\u00dfler<\/p>\n\t\t\t\t\t\t\t\t<p class=\"ngg-album-gallery-image-counter\"><strong>53<\/strong>&nbsp;Fotos<\/p>\n\t\t\t\t\t\t\t<\/div>\n\t\t<\/div>\n\t<\/div>\n\n \t\n\t<div class=\"ngg-album\">\n\t\t<div class=\"ngg-albumtitle\"><a href=\"https:\/\/www.dynamics-suhl.de\/monsterblog\/fotoalben\/dvl-saison-2012-13\/vfb-91-suhl-vs-vt-aurubis-hamburg\/\">VfB 91 Suhl vs. VT Aurubis Hamburg<\/a><\/div>\n\t\t\t<div class=\"ngg-albumcontent\">\n\t\t\t\t<div class=\"ngg-thumbnail\">\n\t\t\t\t\t<a href=\"https:\/\/www.dynamics-suhl.de\/monsterblog\/fotoalben\/dvl-saison-2012-13\/vfb-91-suhl-vs-vt-aurubis-hamburg\/\"><img class=\"Thumb\" alt=\"VfB 91 Suhl vs. VT Aurubis Hamburg\" src=\"https:\/\/www.dynamics-suhl.de\/monsterblog\/wp-content\/gallery\/2012-11-24_vfb_vs_vta_rene\/cache\/20121124_0435.jpg-nggid0517953-ngg0dyn-91x68-00f0w010c011r110f110r010t010.jpg\"\/><\/a>\n\t\t\t\t<\/div>\n\t\t\t\t<div class=\"ngg-description\">\n\t\t\t\t<p>Samstag, 24.11.12 - Fotos (C) Ren\u00e9 Siegling<\/p>\n\t\t\t\t\t\t\t\t<p class=\"ngg-album-gallery-image-counter\"><strong>88<\/strong>&nbsp;Fotos<\/p>\n\t\t\t\t\t\t\t<\/div>\n\t\t<\/div>\n\t<\/div>\n\n \t\n\t<div class=\"ngg-album\">\n\t\t<div class=\"ngg-albumtitle\"><a href=\"https:\/\/www.dynamics-suhl.de\/monsterblog\/fotoalben\/dvl-saison-2012-13\/vfb-91-suhl-vs-rote-raben-vilsbiburg-2\/\">VfB 91 Suhl vs. Rote Raben Vilsbiburg (2)<\/a><\/div>\n\t\t\t<div class=\"ngg-albumcontent\">\n\t\t\t\t<div class=\"ngg-thumbnail\">\n\t\t\t\t\t<a href=\"https:\/\/www.dynamics-suhl.de\/monsterblog\/fotoalben\/dvl-saison-2012-13\/vfb-91-suhl-vs-rote-raben-vilsbiburg-2\/\"><img class=\"Thumb\" alt=\"VfB 91 Suhl vs. Rote Raben Vilsbiburg (2)\" src=\"https:\/\/www.dynamics-suhl.de\/monsterblog\/wp-content\/gallery\/2012-11-10_vfb_rrv_obus\/cache\/IMGP3405%20bea%20k.jpg-nggid0518092-ngg0dyn-91x68-00f0w010c011r110f110r010t010.jpg\"\/><\/a>\n\t\t\t\t<\/div>\n\t\t\t\t<div class=\"ngg-description\">\n\t\t\t\t<p>Fotos (C) Olaf Bu\u00dfler<\/p>\n\t\t\t\t\t\t\t\t<p class=\"ngg-album-gallery-image-counter\"><strong>32<\/strong>&nbsp;Fotos<\/p>\n\t\t\t\t\t\t\t<\/div>\n\t\t<\/div>\n\t<\/div>\n\n \t\n\t<div class=\"ngg-album\">\n\t\t<div class=\"ngg-albumtitle\"><a href=\"https:\/\/www.dynamics-suhl.de\/monsterblog\/fotoalben\/dvl-saison-2012-13\/nggallery\/saison-1213\/vfb-91-suhl-vs-rote-raben-vilsbiburg-4\">VfB 91 Suhl vs. Rote Raben Vilsbiburg<\/a><\/div>\n\t\t\t<div class=\"ngg-albumcontent\">\n\t\t\t\t<div class=\"ngg-thumbnail\">\n\t\t\t\t\t<a href=\"https:\/\/www.dynamics-suhl.de\/monsterblog\/fotoalben\/dvl-saison-2012-13\/nggallery\/saison-1213\/vfb-91-suhl-vs-rote-raben-vilsbiburg-4\"><img class=\"Thumb\" alt=\"VfB 91 Suhl vs. Rote Raben Vilsbiburg\" src=\"https:\/\/www.dynamics-suhl.de\/monsterblog\/wp-content\/gallery\/2012-11-10_vfb_vs_rrv_rene\/cache\/20121110_0005.jpg-nggid0517780-ngg0dyn-91x68-00f0w010c011r110f110r010t010.jpg\"\/><\/a>\n\t\t\t\t<\/div>\n\t\t\t\t<div class=\"ngg-description\">\n\t\t\t\t<p>Samstag, 10.11.12 - Fotos (C) Ren\u00e9 Siegling<\/p>\n\t\t\t\t\t\t\t\t<p class=\"ngg-album-gallery-image-counter\"><strong>86<\/strong>&nbsp;Fotos<\/p>\n\t\t\t\t\t\t\t<\/div>\n\t\t<\/div>\n\t<\/div>\n\n \t\n\t<div class=\"ngg-album\">\n\t\t<div class=\"ngg-albumtitle\"><a href=\"https:\/\/www.dynamics-suhl.de\/monsterblog\/fotoalben\/dvl-saison-2012-13\/nggallery\/saison-1213\/vfb-91-suhl-vs-sc-potsdam-4\">VfB 91 Suhl vs. SC Potsdam<\/a><\/div>\n\t\t\t<div class=\"ngg-albumcontent\">\n\t\t\t\t<div class=\"ngg-thumbnail\">\n\t\t\t\t\t<a href=\"https:\/\/www.dynamics-suhl.de\/monsterblog\/fotoalben\/dvl-saison-2012-13\/nggallery\/saison-1213\/vfb-91-suhl-vs-sc-potsdam-4\"><img class=\"Thumb\" alt=\"VfB 91 Suhl vs. SC Potsdam\" src=\"https:\/\/www.dynamics-suhl.de\/monsterblog\/wp-content\/gallery\/2012-10-31_vfb_vs_scp_rene\/cache\/20121031_0063.jpg-nggid0517729-ngg0dyn-91x68-00f0w010c011r110f110r010t010.jpg\"\/><\/a>\n\t\t\t\t<\/div>\n\t\t\t\t<div class=\"ngg-description\">\n\t\t\t\t<p>Fotos (C) Ren\u00e9 Siegling<\/p>\n\t\t\t\t\t\t\t\t<p class=\"ngg-album-gallery-image-counter\"><strong>61<\/strong>&nbsp;Fotos<\/p>\n\t\t\t\t\t\t\t<\/div>\n\t\t<\/div>\n\t<\/div>\n\n \t\n\t<div class=\"ngg-album\">\n\t\t<div class=\"ngg-albumtitle\"><a href=\"https:\/\/www.dynamics-suhl.de\/monsterblog\/fotoalben\/dvl-saison-2012-13\/nggallery\/saison-1213\/vfb-91-suhl-vs-dresdner-sc-6\">VfB 91 Suhl vs. Dresdner SC<\/a><\/div>\n\t\t\t<div class=\"ngg-albumcontent\">\n\t\t\t\t<div class=\"ngg-thumbnail\">\n\t\t\t\t\t<a href=\"https:\/\/www.dynamics-suhl.de\/monsterblog\/fotoalben\/dvl-saison-2012-13\/nggallery\/saison-1213\/vfb-91-suhl-vs-dresdner-sc-6\"><img class=\"Thumb\" alt=\"VfB 91 Suhl vs. Dresdner SC\" src=\"https:\/\/www.dynamics-suhl.de\/monsterblog\/wp-content\/gallery\/2012-10-27_vfb_vs_dsc_rene\/cache\/20121027_0137.jpg-nggid0517680-ngg0dyn-91x68-00f0w010c011r110f110r010t010.jpg\"\/><\/a>\n\t\t\t\t<\/div>\n\t\t\t\t<div class=\"ngg-description\">\n\t\t\t\t<p>Fotos (C) Ren\u00e9 Siegling<\/p>\n\t\t\t\t\t\t\t\t<p class=\"ngg-album-gallery-image-counter\"><strong>63<\/strong>&nbsp;Fotos<\/p>\n\t\t\t\t\t\t\t<\/div>\n\t\t<\/div>\n\t<\/div>\n\n \t\n\t<div class=\"ngg-album\">\n\t\t<div class=\"ngg-albumtitle\"><a href=\"https:\/\/www.dynamics-suhl.de\/monsterblog\/fotoalben\/dvl-saison-2012-13\/7-dippold-volleyballtunier-damen\/\">7. Dippold - Volleyballtunier Damen<\/a><\/div>\n\t\t\t<div class=\"ngg-albumcontent\">\n\t\t\t\t<div class=\"ngg-thumbnail\">\n\t\t\t\t\t<a href=\"https:\/\/www.dynamics-suhl.de\/monsterblog\/fotoalben\/dvl-saison-2012-13\/7-dippold-volleyballtunier-damen\/\"><img class=\"Thumb\" alt=\"7. Dippold - Volleyballtunier Damen\" src=\"https:\/\/www.dynamics-suhl.de\/monsterblog\/wp-content\/gallery\/2012-10-06_tunier_dippoldiswalde\/cache\/20121006_0038.jpg-nggid0517587-ngg0dyn-91x68-00f0w010c011r110f110r010t010.jpg\"\/><\/a>\n\t\t\t\t<\/div>\n\t\t\t\t<div class=\"ngg-description\">\n\t\t\t\t<p>06.10.2012 - Vorbereitungstunier Dippoldiswalde - Fotos (C) Ren\u00e9 Siegling<\/p>\n\t\t\t\t\t\t\t\t<p class=\"ngg-album-gallery-image-counter\"><strong>73<\/strong>&nbsp;Fotos<\/p>\n\t\t\t\t\t\t\t<\/div>\n\t\t<\/div>\n\t<\/div>\n\n \t\n\t<div class=\"ngg-album\">\n\t\t<div class=\"ngg-albumtitle\"><a href=\"https:\/\/www.dynamics-suhl.de\/monsterblog\/fotoalben\/dvl-saison-2012-13\/5-internationales-volleyballturnier-in-jestetten\/\">5. Internationales Volleyballturnier in Jestetten<\/a><\/div>\n\t\t\t<div class=\"ngg-albumcontent\">\n\t\t\t\t<div class=\"ngg-thumbnail\">\n\t\t\t\t\t<a href=\"https:\/\/www.dynamics-suhl.de\/monsterblog\/fotoalben\/dvl-saison-2012-13\/5-internationales-volleyballturnier-in-jestetten\/\"><img class=\"Thumb\" alt=\"5. Internationales Volleyballturnier in Jestetten\" src=\"https:\/\/www.dynamics-suhl.de\/monsterblog\/wp-content\/gallery\/2012-09-16_jestetten\/cache\/2012-09-15-15-50-08.jpg-nggid0517445-ngg0dyn-91x68-00f0w010c011r110f110r010t010.jpg\"\/><\/a>\n\t\t\t\t<\/div>\n\t\t\t\t<div class=\"ngg-description\">\n\t\t\t\t<p>Fotos (C) Ingolf Rust<\/p>\n\t\t\t\t\t\t\t\t<p class=\"ngg-album-gallery-image-counter\"><strong>57<\/strong>&nbsp;Fotos<\/p>\n\t\t\t\t\t\t\t<\/div>\n\t\t<\/div>\n\t<\/div>\n\n \t \t\n\t<!-- Pagination -->\n \t<div class='ngg-clear'><\/div> \t\n<\/div>\n\n","protected":false},"excerpt":{"rendered":"","protected":false},"author":3,"featured_media":0,"parent":82,"menu_order":0,"comment_status":"open","ping_status":"closed","template":"","meta":{"ngg_post_thumbnail":0},"_links":{"self":[{"href":"https:\/\/www.dynamics-suhl.de\/monsterblog\/wp-json\/wp\/v2\/pages\/7316"}],"collection":[{"href":"https:\/\/www.dynamics-suhl.de\/monsterblog\/wp-json\/wp\/v2\/pages"}],"about":[{"href":"https:\/\/www.dynamics-suhl.de\/monsterblog\/wp-json\/wp\/v2\/types\/page"}],"author":[{"embeddable":true,"href":"https:\/\/www.dynamics-suhl.de\/monsterblog\/wp-json\/wp\/v2\/users\/3"}],"replies":[{"embeddable":true,"href":"https:\/\/www.dynamics-suhl.de\/monsterblog\/wp-json\/wp\/v2\/comments?post=7316"}],"version-history":[{"count":0,"href":"https:\/\/www.dynamics-suhl.de\/monsterblog\/wp-json\/wp\/v2\/pages\/7316\/revisions"}],"up":[{"embeddable":true,"href":"https:\/\/www.dynamics-suhl.de\/monsterblog\/wp-json\/wp\/v2\/pages\/82"}],"wp:attachment":[{"href":"https:\/\/www.dynamics-suhl.de\/monsterblog\/wp-json\/wp\/v2\/media?parent=7316"}],"curies":[{"name":"wp","href":"https:\/\/api.w.org\/{rel}","templated":true}]}}