{"id":7931,"date":"2013-08-06T11:48:55","date_gmt":"2013-08-06T09:48:55","guid":{"rendered":"http:\/\/www.dynamics-suhl.de\/monsterblog\/?page_id=7931"},"modified":"2013-08-06T11:50:32","modified_gmt":"2013-08-06T09:50:32","slug":"2-dynamics-beach-cup","status":"publish","type":"page","link":"https:\/\/www.dynamics-suhl.de\/monsterblog\/2-dynamics-beach-cup\/","title":{"rendered":"2. Dynamics Beach-Cup"},"content":{"rendered":"<p><strong>Ausschreibung &#8211; Dynamics Beach-Cup 2013<\/strong> <\/p>\n            \n\t\t<div class=\"ngg-gallery-singlepic-image \" style=\"max-width: 430px\">\n\t\t\t    \t<a href=\"https:\/\/www.dynamics-suhl.de\/monsterblog\/wp-content\/gallery\/diverse_2012-13\/beach_cup_2013.jpg\"\n\t\t     title=\"\"\n             data-src=\"https:\/\/www.dynamics-suhl.de\/monsterblog\/wp-content\/gallery\/diverse_2012-13\/beach_cup_2013.jpg\"\n             data-thumbnail=\"https:\/\/www.dynamics-suhl.de\/monsterblog\/wp-content\/gallery\/diverse_2012-13\/thumbs\/thumbs_beach_cup_2013.jpg\"\n             data-image-id=\"19338\"\n             data-title=\"beach_cup_2013\"\n             data-description=\"\"\n             target='_self'\n             class=\"ngg-fancybox\" rel=\"55c8bf56052623cc25fccd2b598f083e\">\n            <img class=\"ngg-singlepic\"\n             src=\"https:\/\/www.dynamics-suhl.de\/monsterblog\/wp-content\/gallery\/diverse_2012-13\/cache\/beach_cup_2013.jpg-nggid0519338-ngg0dyn-430x0x100-00f0w010c010r110f110r010t010.jpg\"\n             alt=\"beach_cup_2013\"\n             title=\"beach_cup_2013\"\n              width=\"430\"               \/>\n    \t<\/a>\n\t\t      <\/div>\n        \n<table>\n<tr>\n<td width=\"100\">Ausrichter:<\/td>\n<td width=\"300\">VfB 91 Suhl e.V. &#8211; Sektion &#8222;Dynamics Suhl&#8220;<\/td>\n<\/tr>\n<tr>\n<td colspan=\"2\">&nbsp;<\/td>\n<\/tr>\n<tr>\n<td width=\"100\">Termin:<\/td>\n<td width=\"300\">24.\/25. August 2013<\/td>\n<\/tr>\n<tr>\n<td colspan=\"2\">&nbsp;<\/td>\n<\/tr>\n<tr>\n<td width=\"100\">Spielort:<\/td>\n<td width=\"300\">Beachanlage Sportcenter Suhl<\/td>\n<\/tr>\n<tr>\n<td width=\"100\">&nbsp;<\/td>\n<td width=\"300\">98528 Suhl, Schneekopfstra\u00dfe 78<\/td>\n<\/tr>\n<tr>\n<td colspan=\"2\">&nbsp;<\/td>\n<\/tr>\n<tr>\n<td width=\"100\">Beginn:<\/td>\n<td width=\"300\">09:00 Samstag Technical Meeting<\/td>\n<\/tr>\n<tr>\n<td width=\"100\">Spielbeginn:<\/td>\n<td width=\"300\">10:00 Uhr Samstag<\/td>\n<\/tr>\n<tr>\n<td width=\"100\">&nbsp;<\/td>\n<td width=\"300\">09:00 Uhr Sonntag<\/td>\n<\/tr>\n<tr>\n<td colspan=\"2\">&nbsp;<\/td>\n<\/tr>\n<tr>\n<td width=\"100\">Kontakt:<\/td>\n<td width=\"300\">Dynamics Suhl<\/td>\n<\/tr>\n<tr>\n<td width=\"100\">&nbsp;<\/td>\n<td width=\"300\">c\/o VfB 91 Suhl e.V.<\/td>\n<\/tr>\n<tr>\n<td width=\"100\">&nbsp;<\/td>\n<td width=\"300\">Herr Ingolf Rust<\/td>\n<\/tr>\n<tr>\n<td width=\"100\">&nbsp;<\/td>\n<td width=\"300\">Auenstra\u00dfe 17<\/td>\n<\/tr>\n<tr>\n<td width=\"100\">&nbsp;<\/td>\n<td width=\"300\">98529 Suhl<\/td>\n<\/tr>\n<tr>\n<td colspan=\"2\">&nbsp;<\/td>\n<\/tr>\n<tr>\n<td width=\"100\">&nbsp;<\/td>\n<td width=\"300\">Tel.:&nbsp;&nbsp;&nbsp;0 36 81 \u2013 80 43 16<\/td>\n<\/tr>\n<tr>\n<td width=\"100\">&nbsp;<\/td>\n<td width=\"300\">Fax.:&nbsp;&nbsp;&nbsp;0 36 81 \u2013 80 60 84<\/td>\n<\/tr>\n<tr>\n<td width=\"100\">&nbsp;<\/td>\n<td width=\"300\">e-Mail:&nbsp;&nbsp;&nbsp;mail@dynamics-suhl.de<\/td>\n<\/tr>\n<tr>\n<td width=\"100\">&nbsp;<\/td>\n<td width=\"300\">Homepage:&nbsp;&nbsp;&nbsp;<a href=\"http:\/\/www.dynamics-suhl.de\/monsterblog\/2-dynamics-beach-cup\/\">www.dynamics-suhl.de<\/a><\/td>\n<\/tr>\n<tr>\n<td colspan=\"2\">&nbsp;<\/td>\n<\/tr>\n<tr>\n<td width=\"100\"><strong>Startgeb\u00fchr:<\/strong><\/td>\n<td width=\"300\"><strong>30,- Euro \/ Team<\/strong><\/td>\n<\/tr>\n<tr>\n<td colspan=\"2\">&nbsp;<\/td>\n<\/tr>\n<tr>\n<td width=\"100\">Regeln:<\/td>\n<td width=\"300\">Gespielt wird 3 gegen 3. Dabei muss mindestens 1 Frau und 1 Mann auf dem Feld stehen. Wechselspieler sind erlaubt. Nach dem Block sind 3 Spielber\u00fchrungen erlaubt!<\/td>\n<\/tr>\n<tr>\n<td colspan=\"2\">&nbsp;<\/td>\n<\/tr>\n<tr>\n<td width=\"100\">Event:<\/td>\n<td width=\"300\">Beachparty samstags auf dem Gel\u00e4nde der Beachanlage. Night-Beach m\u00f6glich, zB. Spiel &#8222;Old Stars vs. All Stars&#8220;<\/td>\n<\/tr>\n<tr>\n<td colspan=\"2\">&nbsp;<\/td>\n<\/tr>\n<tr>\n<td width=\"100\">\u00dcbernachtung:<\/td>\n<td width=\"300\">Zelten und Fr\u00fchst\u00fcck am Sonntag auf dem Gel\u00e4nde der Beachanlage (Geb\u00fchr im Startgeld inbegriffen)<\/td>\n<\/tr>\n<tr>\n<td colspan=\"2\">&nbsp;<\/td>\n<\/tr>\n<tr>\n<td width=\"100\">Modus:<\/td>\n<td width=\"300\">Pool-Play und Single oder Double-Out<br \/>Endg\u00fcltiger Modus abh\u00e4ngig von Anzahl der teilnehmenden Mannschaften<\/td>\n<\/tr>\n<tr>\n<td colspan=\"2\">&nbsp;<\/td>\n<\/tr>\n<tr>\n<td width=\"100\">Meldetermin:<\/td>\n<td width=\"300\">Die Meldung beim Ausrichter erfolgt bis zum 17. August 2013. G\u00fcltigkeit erlangt sie durch das \u00dcberweisen der Startgeb\u00fchr von 30,- Euro auf das Konto des Ausrichters.<\/td>\n<\/tr>\n<tr>\n<td colspan=\"2\">&nbsp;<\/td>\n<\/tr>\n<tr>\n<td width=\"100\">Empf\u00e4nger:<\/td>\n<td width=\"300\">VfB 91 Suhl<\/td>\n<\/tr>\n<tr>\n<td width=\"100\">Bank:<\/td>\n<td width=\"300\">Rh\u00f6n-Rennsteig-Sparkasse<\/td>\n<\/tr>\n<tr>\n<td width=\"100\">BLZ:<\/td>\n<td width=\"300\">840 500 00<\/td>\n<\/tr>\n<tr>\n<td width=\"100\">Konto:<\/td>\n<td width=\"300\">17 05 00 75 00<\/td>\n<\/tr>\n<tr>\n<td width=\"100\">Betreff:<\/td>\n<td width=\"300\">Beach-Cup 2013 \u201eTeamname\u201c<\/td>\n<\/tr>\n<\/table>\n<p>[ratings]<\/p>\n<p>&nbsp;<br \/><\/p>\n","protected":false},"excerpt":{"rendered":"<p>Ausschreibung &#8211; Dynamics Beach-Cup 2013 Ausrichter: VfB 91 Suhl e.V. &#8211; Sektion &#8222;Dynamics Suhl&#8220; &nbsp; Termin: 24.\/25. August 2013 &nbsp; Spielort: Beachanlage Sportcenter Suhl &nbsp; 98528 Suhl, Schneekopfstra\u00dfe 78 &nbsp; Beginn: 09:00 Samstag Technical Meeting Spielbeginn: 10:00 Uhr Samstag &nbsp; 09:00 Uhr Sonntag &nbsp; Kontakt: Dynamics Suhl &nbsp; c\/o VfB 91 Suhl e.V. &nbsp; Herr [&hellip;]<\/p>\n","protected":false},"author":3,"featured_media":0,"parent":0,"menu_order":0,"comment_status":"open","ping_status":"closed","template":"","meta":{"ngg_post_thumbnail":0},"_links":{"self":[{"href":"https:\/\/www.dynamics-suhl.de\/monsterblog\/wp-json\/wp\/v2\/pages\/7931"}],"collection":[{"href":"https:\/\/www.dynamics-suhl.de\/monsterblog\/wp-json\/wp\/v2\/pages"}],"about":[{"href":"https:\/\/www.dynamics-suhl.de\/monsterblog\/wp-json\/wp\/v2\/types\/page"}],"author":[{"embeddable":true,"href":"https:\/\/www.dynamics-suhl.de\/monsterblog\/wp-json\/wp\/v2\/users\/3"}],"replies":[{"embeddable":true,"href":"https:\/\/www.dynamics-suhl.de\/monsterblog\/wp-json\/wp\/v2\/comments?post=7931"}],"version-history":[{"count":0,"href":"https:\/\/www.dynamics-suhl.de\/monsterblog\/wp-json\/wp\/v2\/pages\/7931\/revisions"}],"wp:attachment":[{"href":"https:\/\/www.dynamics-suhl.de\/monsterblog\/wp-json\/wp\/v2\/media?parent=7931"}],"curies":[{"name":"wp","href":"https:\/\/api.w.org\/{rel}","templated":true}]}}